{"id":708,"date":"2022-09-25T09:11:54","date_gmt":"2022-09-25T09:11:54","guid":{"rendered":"https:\/\/prodoor.com.tr\/?page_id=708"},"modified":"2022-09-28T16:48:41","modified_gmt":"2022-09-28T16:48:41","slug":"get-offer","status":"publish","type":"page","link":"https:\/\/prodoor.com.tr\/en\/get-offer\/","title":{"rendered":"Get Offer"},"content":{"rendered":"<style>#kt-layout-id_2a7e55-98{margin-top:-40px;}#kt-layout-id_2a7e55-98 > .kt-row-column-wrap{z-index:10;position:relative;align-content:start;}:where(#kt-layout-id_2a7e55-98 > .kt-row-column-wrap) > .wp-block-kadence-column{justify-content:start;}#kt-layout-id_2a7e55-98 > .kt-row-column-wrap{column-gap:var(--global-kb-gap-md, 2rem);row-gap:var(--global-kb-gap-md, 2rem);padding-top:var( --global-kb-row-default-top, 25px );padding-bottom:var( --global-kb-row-default-bottom, 25px );padding-top:171px;padding-bottom:153px;padding-left:20px;padding-right:20px;grid-template-columns:minmax(0, 1fr);}#kt-layout-id_2a7e55-98{background-image:url('https:\/\/prodoor.com.tr\/wp-content\/uploads\/2022\/09\/bg.webp');background-size:cover;background-position:center center;background-attachment:scroll;background-repeat:no-repeat;}#kt-layout-id_2a7e55-98 > .kt-row-layout-overlay{opacity:0.73;background-color:var(--global-palette9, #ffffff);}#kt-layout-id_2a7e55-98 .kt-row-layout-bottom-sep{height:100px;}#kt-layout-id_2a7e55-98 .kt-row-layout-bottom-sep svg{width:100%;}#kt-layout-id_2a7e55-98 .kt-row-layout-bottom-sep svg{fill:#ffffff!important;}@media all and (max-width: 1024px){#kt-layout-id_2a7e55-98 > .kt-row-column-wrap{grid-template-columns:minmax(0, 1fr);}}@media all and (max-width: 1024px){#kt-layout-id_2a7e55-98 .kt-row-layout-bottom-sep{height:px;}}@media all and (max-width: 1024px){#kt-layout-id_2a7e55-98 .kt-row-layout-bottom-sep svg{width:%;}}@media all and (max-width: 767px){#kt-layout-id_2a7e55-98 > .kt-row-column-wrap{grid-template-columns:minmax(0, 1fr);}#kt-layout-id_2a7e55-98 .kt-row-layout-bottom-sep{height:px;}#kt-layout-id_2a7e55-98 .kt-row-layout-bottom-sep svg{width:%;}}<\/style>\n<div class=\"wp-block-kadence-rowlayout alignnone\"><div id=\"kt-layout-id_2a7e55-98\" class=\"kt-row-layout-inner kt-row-has-bg kt-layout-id_2a7e55-98 has-theme-palette-8-background-color\"><div class=\"kt-row-layout-overlay kt-row-overlay-normal\"><\/div><div class=\"kt-row-column-wrap kt-has-1-columns kt-gutter-default kt-v-gutter-default kt-row-valign-top kt-row-layout-equal kt-tab-layout-inherit kt-m-colapse-left-to-right kt-mobile-layout-row\"><style>.kadence-column_b6d5fd-e6 > .kt-inside-inner-col{border-top-width:0px;border-right-width:0px;border-bottom-width:0px;border-left-width:0px;}.kadence-column_b6d5fd-e6 > .kt-inside-inner-col,.kadence-column_b6d5fd-e6 > .kt-inside-inner-col:before{border-top-left-radius:0px;border-top-right-radius:0px;border-bottom-right-radius:0px;border-bottom-left-radius:0px;}.kadence-column_b6d5fd-e6 > .kt-inside-inner-col{column-gap:var(--global-kb-gap-sm, 1rem);}.kadence-column_b6d5fd-e6 > .kt-inside-inner-col{flex-direction:column;}.kadence-column_b6d5fd-e6 > .kt-inside-inner-col > .aligncenter{width:100%;}.kadence-column_b6d5fd-e6 > .kt-inside-inner-col:before{opacity:0.3;}.kadence-column_b6d5fd-e6{position:relative;}@media all and (max-width: 1024px){.kadence-column_b6d5fd-e6 > .kt-inside-inner-col{flex-direction:column;justify-content:center;}}@media all and (max-width: 767px){.kadence-column_b6d5fd-e6 > .kt-inside-inner-col{flex-direction:column;justify-content:center;}}<\/style>\n<div class=\"wp-block-kadence-column inner-column-1 kadence-column_b6d5fd-e6\"><div class=\"kt-inside-inner-col\"><style>#kt-layout-id_e3cc46-15 > .kt-row-column-wrap{align-content:start;}:where(#kt-layout-id_e3cc46-15 > .kt-row-column-wrap) > .wp-block-kadence-column{justify-content:start;}#kt-layout-id_e3cc46-15 > .kt-row-column-wrap{column-gap:var(--global-kb-gap-md, 2rem);row-gap:var(--global-kb-gap-md, 2rem);max-width:500px;margin-left:auto;margin-right:auto;padding-top:var( --global-kb-row-default-top, 25px );padding-bottom:var( --global-kb-row-default-bottom, 25px );padding-top:0px;padding-bottom:0px;grid-template-columns:minmax(0, 1fr);}#kt-layout-id_e3cc46-15 > .kt-row-layout-overlay{opacity:0.30;}@media all and (max-width: 1024px){#kt-layout-id_e3cc46-15 > .kt-row-column-wrap{grid-template-columns:minmax(0, 1fr);}}@media all and (max-width: 767px){#kt-layout-id_e3cc46-15 > .kt-row-column-wrap{grid-template-columns:minmax(0, 1fr);}}<\/style>\n<div class=\"wp-block-kadence-rowlayout alignnone\"><div id=\"kt-layout-id_e3cc46-15\" class=\"kt-row-layout-inner kt-layout-id_e3cc46-15\"><div class=\"kt-row-column-wrap kt-has-1-columns kt-gutter-default kt-v-gutter-default kt-row-valign-top kt-row-layout-equal kt-tab-layout-inherit kt-m-colapse-left-to-right kt-mobile-layout-row\"><style>.kadence-column_8e0c70-6a > .kt-inside-inner-col{border-top-width:0px;border-right-width:0px;border-bottom-width:0px;border-left-width:0px;}.kadence-column_8e0c70-6a > .kt-inside-inner-col,.kadence-column_8e0c70-6a > .kt-inside-inner-col:before{border-top-left-radius:0px;border-top-right-radius:0px;border-bottom-right-radius:0px;border-bottom-left-radius:0px;}.kadence-column_8e0c70-6a > .kt-inside-inner-col{column-gap:var(--global-kb-gap-sm, 1rem);}.kadence-column_8e0c70-6a > .kt-inside-inner-col{flex-direction:column;}.kadence-column_8e0c70-6a > .kt-inside-inner-col > .aligncenter{width:100%;}.kadence-column_8e0c70-6a > .kt-inside-inner-col:before{opacity:0.3;}.kadence-column_8e0c70-6a{position:relative;}@media all and (max-width: 1024px){.kadence-column_8e0c70-6a > .kt-inside-inner-col{flex-direction:column;justify-content:center;}}@media all and (max-width: 767px){.kadence-column_8e0c70-6a > .kt-inside-inner-col{flex-direction:column;justify-content:center;}}<\/style>\n<div class=\"wp-block-kadence-column inner-column-1 kadence-column_8e0c70-6a\"><div class=\"kt-inside-inner-col\"><style>.wp-block-kadence-advancedheading.kt-adv-heading_48e72c-4d, .wp-block-kadence-advancedheading.kt-adv-heading_48e72c-4d[data-kb-block=\"kb-adv-heading_48e72c-4d\"]{text-align:center;font-size:33px;font-weight:500;font-style:normal;font-family:-apple-system,BlinkMacSystemFont,\"Segoe UI\",Roboto,Oxygen-Sans,Ubuntu,Cantarell,\"Helvetica Neue\",sans-serif, \"Apple Color Emoji\", \"Segoe UI Emoji\", \"Segoe UI Symbol\";}.wp-block-kadence-advancedheading.kt-adv-heading_48e72c-4d mark.kt-highlight, .wp-block-kadence-advancedheading.kt-adv-heading_48e72c-4d[data-kb-block=\"kb-adv-heading_48e72c-4d\"] mark.kt-highlight{font-style:normal;color:#f76a0c;-webkit-box-decoration-break:clone;box-decoration-break:clone;padding-top:0px;padding-right:0px;padding-bottom:0px;padding-left:0px;}.wp-block-kadence-advancedheading.kt-adv-heading_48e72c-4d img.kb-inline-image, .wp-block-kadence-advancedheading.kt-adv-heading_48e72c-4d[data-kb-block=\"kb-adv-heading_48e72c-4d\"] img.kb-inline-image{width:150px;vertical-align:baseline;}<\/style>\n<h1 class=\"kt-adv-heading_48e72c-4d wp-block-kadence-advancedheading\" data-kb-block=\"kb-adv-heading_48e72c-4d\">Get Offer!<\/h1>\n<\/div><\/div>\n<\/div><\/div><\/div>\n<\/div><\/div>\n<\/div><div class=\"kt-row-layout-bottom-sep kt-row-sep-type-waves\"><svg style=\"fill:#ffffff\" viewBox=\"0 0 1000 100\" preserveAspectRatio=\"none\"><path d=\"M1000,40c0,0 -120.077,-38.076 -250,-38c-129.923,0.076 -345.105,78 -500,78c-154.895,0 -250,-30 -250,-30l0,50l1000,0l0,-60Z\"><\/path><path d=\"M1000,40c0,0 -120.077,-38.076 -250,-38c-129.923,0.076 -345.105,73 -500,73c-154.895,0 -250,-45 -250,-45l0,70l1000,0l0,-60Z\" style=\"opacity:0.4\"><\/path><path d=\"M1000,40c0,0 -120.077,-38.076 -250,-38c-129.923,0.076 -345.105,68 -500,68c-154.895,0 -250,-65 -250,-65l0,95l1000,0l0,-60Z\" style=\"opacity:0.4\"><\/path><\/svg><\/div><\/div><\/div>\n\n\n<style>#kt-layout-id_b31616-e3 > .kt-row-column-wrap{align-content:start;}:where(#kt-layout-id_b31616-e3 > .kt-row-column-wrap) > .wp-block-kadence-column{justify-content:start;}#kt-layout-id_b31616-e3 > .kt-row-column-wrap{column-gap:var(--global-kb-gap-md, 2rem);row-gap:var(--global-kb-gap-md, 2rem);max-width:1305px;margin-left:auto;margin-right:auto;padding-top:var( --global-kb-row-default-top, 25px );padding-bottom:var( --global-kb-row-default-bottom, 25px );padding-top:26px;padding-bottom:110px;padding-left:0px;padding-right:0px;grid-template-columns:minmax(0, 1fr);}#kt-layout-id_b31616-e3 > .kt-row-layout-overlay{opacity:0.70;}@media all and (max-width: 1024px){#kt-layout-id_b31616-e3 > .kt-row-column-wrap{padding-top:140px;padding-right:0px;padding-bottom:80px;padding-left:0px;grid-template-columns:minmax(0, 1fr);}}@media all and (max-width: 767px){#kt-layout-id_b31616-e3 > .kt-row-column-wrap{padding-top:120px;padding-bottom:50px;padding-left:20px;padding-right:20px;grid-template-columns:minmax(0, 1fr);}}<\/style>\n<div class=\"wp-block-kadence-rowlayout alignnone\"><div id=\"kt-layout-id_b31616-e3\" class=\"kt-row-layout-inner kt-row-has-bg kt-layout-id_b31616-e3 has-theme-palette-9-background-color\"><div class=\"kt-row-column-wrap kt-has-1-columns kt-gutter-default kt-v-gutter-default kt-row-valign-top kt-row-layout-equal kt-tab-layout-inherit kt-m-colapse-left-to-right kt-mobile-layout-row\"><style>.kadence-column_24f023-30 > .kt-inside-inner-col{padding-top:10px;padding-bottom:10px;padding-left:10px;padding-right:10px;}.kadence-column_24f023-30 > .kt-inside-inner-col{border-top-width:0px;border-right-width:0px;border-bottom-width:0px;border-left-width:0px;}.kadence-column_24f023-30 > .kt-inside-inner-col,.kadence-column_24f023-30 > .kt-inside-inner-col:before{border-top-left-radius:0px;border-top-right-radius:0px;border-bottom-right-radius:0px;border-bottom-left-radius:0px;}.kadence-column_24f023-30 > .kt-inside-inner-col{column-gap:var(--global-kb-gap-sm, 1rem);}.kadence-column_24f023-30 > .kt-inside-inner-col{flex-direction:column;}.kadence-column_24f023-30 > .kt-inside-inner-col > .aligncenter{width:100%;}.kadence-column_24f023-30 > .kt-inside-inner-col:before{opacity:0.3;}.kadence-column_24f023-30{position:relative;}@media all and (max-width: 1024px){.kadence-column_24f023-30 > .kt-inside-inner-col{flex-direction:column;justify-content:center;}}@media all and (max-width: 767px){.kadence-column_24f023-30 > .kt-inside-inner-col{flex-direction:column;justify-content:center;}}<\/style>\n<div class=\"wp-block-kadence-column inner-column-1 kadence-column_24f023-30\"><div class=\"kt-inside-inner-col\"><style>#kt-layout-id_39af9a-f7 > .kt-row-column-wrap{align-content:start;}:where(#kt-layout-id_39af9a-f7 > .kt-row-column-wrap) > .wp-block-kadence-column{justify-content:start;}#kt-layout-id_39af9a-f7 > .kt-row-column-wrap{column-gap:var(--global-kb-gap-md, 2rem);row-gap:var(--global-kb-gap-md, 2rem);max-width:960px;margin-left:auto;margin-right:auto;padding-top:var( --global-kb-row-default-top, 25px );padding-bottom:var( --global-kb-row-default-bottom, 25px );padding-top:22px;padding-bottom:58px;grid-template-columns:minmax(0, 1fr);}#kt-layout-id_39af9a-f7 > .kt-row-layout-overlay{opacity:0.30;}@media all and (max-width: 1024px){#kt-layout-id_39af9a-f7 > .kt-row-column-wrap{grid-template-columns:minmax(0, 1fr);}}@media all and (max-width: 767px){#kt-layout-id_39af9a-f7 > .kt-row-column-wrap{grid-template-columns:minmax(0, 1fr);}}<\/style>\n<div class=\"wp-block-kadence-rowlayout alignnone\"><div id=\"kt-layout-id_39af9a-f7\" class=\"kt-row-layout-inner kt-layout-id_39af9a-f7\"><div class=\"kt-row-column-wrap kt-has-1-columns kt-gutter-default kt-v-gutter-default kt-row-valign-top kt-row-layout-equal kt-tab-layout-inherit kt-m-colapse-left-to-right kt-mobile-layout-row\"><style>.kadence-column_2ea1cd-79 > .kt-inside-inner-col{display:flex;}.kadence-column_2ea1cd-79 > .kt-inside-inner-col{border-top-width:0px;border-right-width:0px;border-bottom-width:0px;border-left-width:0px;}.kadence-column_2ea1cd-79 > .kt-inside-inner-col,.kadence-column_2ea1cd-79 > .kt-inside-inner-col:before{border-top-left-radius:0px;border-top-right-radius:0px;border-bottom-right-radius:0px;border-bottom-left-radius:0px;}.kadence-column_2ea1cd-79 > .kt-inside-inner-col{column-gap:var(--global-kb-gap-sm, 1rem);}.kadence-column_2ea1cd-79 > .kt-inside-inner-col{flex-direction:column;justify-content:center;}.kadence-column_2ea1cd-79 > .kt-inside-inner-col > .aligncenter{width:100%;}.kt-row-column-wrap > .kadence-column_2ea1cd-79{align-self:center;}.kt-inner-column-height-full:not(.kt-has-1-columns) > .wp-block-kadence-column.kadence-column_2ea1cd-79{align-self:auto;}.kt-inner-column-height-full:not(.kt-has-1-columns) > .wp-block-kadence-column.kadence-column_2ea1cd-79 > .kt-inside-inner-col{flex-direction:column;justify-content:center;}.kadence-column_2ea1cd-79 > .kt-inside-inner-col:before{opacity:0.3;}.kadence-column_2ea1cd-79{position:relative;}@media all and (max-width: 1024px){.kt-row-column-wrap > .kadence-column_2ea1cd-79{align-self:center;}}@media all and (max-width: 1024px){.kt-inner-column-height-full:not(.kt-has-1-columns) > .wp-block-kadence-column.kadence-column_2ea1cd-79{align-self:auto;}}@media all and (max-width: 1024px){.kt-inner-column-height-full:not(.kt-has-1-columns) > .wp-block-kadence-column.kadence-column_2ea1cd-79 > .kt-inside-inner-col{flex-direction:column;justify-content:center;}}@media all and (max-width: 1024px){.kadence-column_2ea1cd-79 > .kt-inside-inner-col{flex-direction:column;justify-content:center;}}@media all and (max-width: 767px){.kt-row-column-wrap > .kadence-column_2ea1cd-79{align-self:center;}.kt-inner-column-height-full:not(.kt-has-1-columns) > .wp-block-kadence-column.kadence-column_2ea1cd-79{align-self:auto;}.kt-inner-column-height-full:not(.kt-has-1-columns) > .wp-block-kadence-column.kadence-column_2ea1cd-79 > .kt-inside-inner-col{flex-direction:column;justify-content:center;}.kadence-column_2ea1cd-79 > .kt-inside-inner-col{flex-direction:column;justify-content:center;}}<\/style>\n<div class=\"wp-block-kadence-column inner-column-1 kadence-column_2ea1cd-79\"><div class=\"kt-inside-inner-col\">\n<p class=\"has-text-align-center\">You can call us or fill out our offer form to get detailed information and offers about our products or services.<\/p>\n\n\n<style>.kb-form input.kadence-blocks-field.verify{opacity:0.0;position:absolute;top:0.0;left:0.0;width:0.0;height:0.0;z-index:-1;}@media all and (max-width: 767px){.kadence-form-_5dd24e-d0 .kb-form .kadence-blocks-form-field .kb-text-style-field, .kadence-form-_5dd24e-d0 .kb-form .kadence-blocks-form-field .kb-select-style-field{font-size:14px;}}<\/style>\n<div class=\"wp-block-kadence-form kadence-form-_5dd24e-d0 kb-form-wrap\"><form class=\"kb-form\" action=\"\" method=\"post\"><div class=\"kadence-blocks-form-field kb-field-desk-width-50 kb-field-mobile-width-100 kb-input-size-standard\"><input name=\"kb_field_0\" id=\"kb_field__5dd24e-d0_0\" data-label=\"Ad Soyad veya Firma Ad\u0131\" type=\"text\" placeholder=\"Name Surname or Company Name*\" value=\"\" data-type=\"text\" class=\"kb-field kb-text-style-field kb-text-field kb-field-0\" data-required=\"yes\"\/><\/div><div class=\"kadence-blocks-form-field kb-form-field-1 kb-field-desk-width-50 kb-field-mobile-width-100 kb-input-size-standard\"><input name=\"kb_field_1\" id=\"kb_field__5dd24e-d0_1\" data-label=\"Telefon No\" type=\"tel\" placeholder=\"Phone: 0(5***) *** ** **\" value=\"\" data-type=\"tel\" class=\"kb-field kb-text-style-field kb-tel-field kb-field-1\" data-required=\"yes\"\/><\/div><div class=\"kadence-blocks-form-field kb-form-field-2 kb-field-desk-width-50 kb-field-mobile-width-100 kb-input-size-standard\"><input name=\"kb_field_2\" id=\"kb_field__5dd24e-d0_2\" data-label=\"e-Posta\" type=\"email\" placeholder=\"Email*\" value=\"\" data-type=\"email\" class=\"kb-field kb-text-style-field kb-email-field kb-field-2\" data-required=\"yes\"\/><\/div><div class=\"kadence-blocks-form-field kb-form-field-3 kb-field-desk-width-50 kb-field-mobile-width-100 kb-input-size-standard\"><span id=\"kb_field_desc__5dd24e-d0_3\" class=\"screen-reader-text\">\u00dcr\u00fcn Se\u00e7imi<\/span><select name=\"kb_field_3\" id=\"kb_field__5dd24e-d0_3\" data-label=\"\u00dcr\u00fcn Se\u00e7imi\" type=\"select\" value=\"\u00dcr\u00fcn Se\u00e7imi\" data-type=\"select\" class=\"kb-field kb-select-style-field kb-select-field kb-field-3\" data-required=\"yes\" aria-describedby=\"kb_field_desc__5dd24e-d0_3\"><option value=\"Make a Product Selection*\">Make a Product Selection*<\/option><option value=\"Industrial Doors\">Industrial Doors<\/option><option value=\"Garage Doors\">Garage Doors<\/option><option value=\"Shutter Systems\">Shutter Systems<\/option><option value=\"Loading Systems\">Loading Systems<\/option><option value=\"Fast PVC Doors\">Fast PVC Doors<\/option><option value=\"Barrier Systems\">Barrier Systems<\/option><option value=\"Photocell Glass Sliding Doors\">Photocell Glass Sliding Doors<\/option><option value=\"Garden Door Motors\">Garden Door Motors<\/option><\/select><\/div><div class=\"kadence-blocks-form-field kb-form-field-4 kb-field-desk-width-50 kb-field-mobile-width-100 kb-input-size-standard\"><input name=\"kb_field_4\" id=\"kb_field__5dd24e-d0_4\" data-label=\"\u00dcr\u00fcn Adeti\" type=\"text\" placeholder=\"Specify the Product Quantity*\" value=\"\" data-type=\"text\" class=\"kb-field kb-text-style-field kb-text-field kb-field-4\" data-required=\"yes\"\/><\/div><div class=\"kadence-blocks-form-field kb-form-field-5 kb-field-desk-width-50 kb-field-mobile-width-100 kb-input-size-standard\"><input name=\"kb_field_5\" id=\"kb_field__5dd24e-d0_5\" data-label=\"\u00d6l\u00e7\u00fcler\" type=\"text\" placeholder=\"If Any Size (Width X Height) Cm\" value=\"\" data-type=\"text\" class=\"kb-field kb-text-style-field kb-text-field kb-field-5\"\/><\/div><div class=\"kadence-blocks-form-field kb-form-field-6 kb-field-desk-width-100 kb-field-mobile-width-100 kb-input-size-standard\"><div data-type=\"checkbox\" data-label=\"Montaj Se\u00e7ene\u011fi\" id=\"kb_field__5dd24e-d0_6\" class=\"kb-field kb-checkbox-style-field kb-checkbox-field kb-field-6 kb-radio-style-inline\" data-required=\"yes\"><div data-type=\"checkbox\" class=\"kb-checkbox-item kb-checkbox-item-0\"><input type=\"checkbox\" name=\"kb_field_6[]\" id=\"kb_field_6_0\" class=\"kb-sub-field kb-checkbox-style\" value=\"Assembled\"\/><label for=\"kb_field_6_0\">Assembled<\/label><\/div><div data-type=\"checkbox\" class=\"kb-checkbox-item kb-checkbox-item-1\"><input type=\"checkbox\" name=\"kb_field_6[]\" id=\"kb_field_6_1\" class=\"kb-sub-field kb-checkbox-style\" value=\"Disassembled\"\/><label for=\"kb_field_6_1\">Disassembled<\/label><\/div><\/div><\/div><div class=\"kadence-blocks-form-field kb-form-field-7 kb-field-desk-width-100 kb-input-size-standard\"><textarea name=\"kb_field_7\" id=\"kb_field__5dd24e-d0_7\" data-label=\"\u00d6zellikler\" type=\"textarea\" placeholder=\"Specify the desired features, if any...\" data-type=\"textarea\" class=\"kb-field kb-text-style-field kb-textarea-field kb-field-7\" rows=\"3\"><\/textarea><\/div><div class=\"kadence-blocks-form-field kb-form-field-8 kb-field-desk-width-100 kb-input-size-standard\"><textarea name=\"kb_field_8\" id=\"kb_field__5dd24e-d0_8\" data-label=\"Mesaj\" type=\"textarea\" placeholder=\"In order to provide you with a better service, please give brief information about the service...*\" data-type=\"textarea\" class=\"kb-field kb-text-style-field kb-textarea-field kb-field-8\" rows=\"3\" data-required=\"yes\"><\/textarea><\/div><input type=\"hidden\" name=\"_kb_form_id\" value=\"_5dd24e-d0\"\/><input type=\"hidden\" name=\"_kb_form_post_id\" value=\"708\"\/><input type=\"hidden\" name=\"action\" value=\"kb_process_ajax_submit\"\/><label class=\"kadence-verify-label\">Email<input class=\"kadence-blocks-field verify\" type=\"text\" name=\"_kb_verify_email\" autocomplete=\"new-password\" aria-hidden=\"true\" placeholder=\"Email\" tabindex=\"-1\" data-1p-ignore=\"true\" data-lpignore=\"true\" \/><\/label><div class=\"kadence-blocks-form-field kb-submit-field kb-field-desk-width-100\"><button class=\"kb-forms-submit button kb-button-size-custom kb-button-width-full\">Submit<\/button><\/div><\/form><\/div>\n<noscript><div class=\"kadence-blocks-form-message kadence-blocks-form-warning\">Please enable JavaScript in your browser to submit the form<\/div><style>.kadence-form-_5dd24e-d0 .kadence-blocks-form-field.kb-submit-field { display: none; }<\/style><\/noscript><\/div><\/div>\n<\/div><\/div><\/div>\n<\/div><\/div>\n<\/div><\/div><\/div>\n","protected":false},"excerpt":{"rendered":"<p>Get Offer! You can call us or fill out our offer form to get detailed information and offers about our products or services.<\/p>\n","protected":false},"author":1,"featured_media":0,"parent":0,"menu_order":0,"comment_status":"closed","ping_status":"closed","template":"","meta":{"_kadence_starter_templates_imported_post":false,"_kad_post_transparent":"","_kad_post_title":"","_kad_post_layout":"","_kad_post_sidebar_id":"","_kad_post_content_style":"","_kad_post_vertical_padding":"","_kad_post_feature":"","_kad_post_feature_position":"","_kad_post_header":false,"_kad_post_footer":false,"_kad_post_classname":"","footnotes":""},"class_list":["post-708","page","type-page","status-publish","hentry"],"_links":{"self":[{"href":"https:\/\/prodoor.com.tr\/en\/wp-json\/wp\/v2\/pages\/708","targetHints":{"allow":["GET"]}}],"collection":[{"href":"https:\/\/prodoor.com.tr\/en\/wp-json\/wp\/v2\/pages"}],"about":[{"href":"https:\/\/prodoor.com.tr\/en\/wp-json\/wp\/v2\/types\/page"}],"author":[{"embeddable":true,"href":"https:\/\/prodoor.com.tr\/en\/wp-json\/wp\/v2\/users\/1"}],"replies":[{"embeddable":true,"href":"https:\/\/prodoor.com.tr\/en\/wp-json\/wp\/v2\/comments?post=708"}],"version-history":[{"count":3,"href":"https:\/\/prodoor.com.tr\/en\/wp-json\/wp\/v2\/pages\/708\/revisions"}],"predecessor-version":[{"id":1153,"href":"https:\/\/prodoor.com.tr\/en\/wp-json\/wp\/v2\/pages\/708\/revisions\/1153"}],"wp:attachment":[{"href":"https:\/\/prodoor.com.tr\/en\/wp-json\/wp\/v2\/media?parent=708"}],"curies":[{"name":"wp","href":"https:\/\/api.w.org\/{rel}","templated":true}]}}